{"id":7,"date":"2016-11-23T17:15:09","date_gmt":"2016-11-23T16:15:09","guid":{"rendered":"https:\/\/mecatinformaticait.wordpress.com\/?page_id=3"},"modified":"2025-07-03T10:17:46","modified_gmt":"2025-07-03T09:17:46","slug":"contatti","status":"publish","type":"page","link":"http:\/\/www.mecatinformatica.it\/index.php\/contatti\/","title":{"rendered":"Contatti"},"content":{"rendered":"\n<p class=\"has-medium-font-size\"><strong><span id=\"MainContent_ContattiListView_DescrizioneLabel_0\">Assistenza fisso e mobile per privati e businees : TIM &#8211; VODAFONE<\/span> &#8211; ILIAD &#8211; FASTWEB &#8211; SKY &#8211; PLANET <\/strong><\/p>\n\n\n\n<p><span id=\"MainContent_ContattiListView_TestoLabel_0\">Licenziatari contratti privati e business<\/span><br><span id=\"MainContent_ContattiListView_eMailLabel_0\">e-mail: assistenza@mecatinformatica.it<\/span><br><span id=\"MainContent_ContattiListView_TelefonoLabel_0\">Tel:0354933295 (interno 1)<\/span><\/p>\n\n\n\n<p><strong>AMMINISTRAZIONE<\/strong><\/p>\n\n\n\n<p><span id=\"MainContent_ContattiListView_TestoLabel_1\">Per richiedere chiarimenti o informazioni di carattere amministrativo<\/span><br><span id=\"MainContent_ContattiListView_eMailLabel_1\">e-mail: caterina.belotti@mecatinformatica.it<\/span><br><span id=\"MainContent_ContattiListView_TelefonoLabel_1\">Tel:035-4933295 (interno 3)<\/span><\/p>\n\n\n\n<p><strong><span id=\"MainContent_ContattiListView_TestoLabel_2\">INFORMAZIONE<\/span><\/strong><\/p>\n\n\n\n<p><span id=\"MainContent_ContattiListView_TestoLabel_2\">Per informazioni di carattere generale. Orari di apertura shop da lunedi a Venerdi : 09:30-12:30 &#8211; 14:30-18:30   <\/span><\/p>\n\n\n\n<p><span id=\"MainContent_ContattiListView_TestoLabel_2\">Sabato dalle 09:30 alle 12:30 e chiuso nei mesi di Giugno a Settembre.<\/span><br><span id=\"MainContent_ContattiListView_eMailLabel_2\">email: info@mecatinformatica.it<\/span><br><span id=\"MainContent_ContattiListView_TelefonoLabel_2\">Tel:0354933295 (interno 1)<\/span><\/p>\n\n\n\n<p><strong>GESTIONALI <\/strong><\/p>\n\n\n\n<p><span id=\"MainContent_ContattiListView_TestoLabel_3\">Per richieste di assistenza o di intervento da parte di un nostro esperto per i software gestionali Bridge3K e Genesis. (riservato ai clienti con contratto).<\/span><br><span id=\"MainContent_ContattiListView_eMailLabel_3\">email: assistenza@mecatinformatica.it<\/span><br><span id=\"MainContent_ContattiListView_TelefonoLabel_3\">Tel:035 4933295 GENESIS (interno 3), BRIDGE3K<\/span> (interno 2)<\/p>\n\n\n\n<p><strong>COMMERCIALE<\/strong><\/p>\n\n\n\n<p>Per <span id=\"MainContent_ContattiListView_TestoLabel_4\">qualsiasi informazione relativa a offerte e preventivi hardware\/software etc.<\/span><br><span id=\"MainContent_ContattiListView_eMailLabel_4\">info@mecatinformatica.it<\/span><br><span id=\"MainContent_ContattiListView_TelefonoLabel_4\">Tel:035 4933295 (interno 3)<\/span><\/p>\n\n\n\n<p><strong><span id=\"MainContent_ContattiListView_DescrizioneLabel_5\">ASSISTENZA YASHI<\/span><\/strong><\/p>\n\n\n\n<p><span id=\"MainContent_ContattiListView_TestoLabel_5\">Tutte le informazioni su come avere assistenza sui prodotti YASHI. Lo staff tecnico Mecat Informatica \u00e8 a Vostra completa disposizione da Luned\u00ec a Venerd\u00ec dalle 09:00 alle 12:30 e dalle 14:00 alle 18:00.<br><span id=\"MainContent_ContattiListView_eMailLabel_5\">assistenza@mecatinformatica.it<\/span><\/span><\/p>\n","protected":false},"excerpt":{"rendered":"<p>Questo \u00e8 solo un piccolo estratto per la pagina dei&nbsp;contatti.<\/p>\n","protected":false},"author":1,"featured_media":77,"parent":0,"menu_order":2,"comment_status":"closed","ping_status":"closed","template":"","meta":{"advanced_seo_description":"","spay_email":""},"tags":[],"jetpack_sharing_enabled":false,"jetpack_shortlink":"https:\/\/wp.me\/P8yKNB-7","jetpack-related-posts":[{"id":9,"url":"http:\/\/www.mecatinformatica.it\/","url_meta":{"origin":7,"position":0},"title":"Home","date":"23\/11\/2016","format":false,"excerpt":"Questo \u00e8 l'estratto della home page","rel":"","context":"Similar post","img":{"alt_text":"","src":"https:\/\/i0.wp.com\/www.mecatinformatica.it\/wp-content\/uploads\/2017\/01\/informatica.jpg?fit=1200%2C675&resize=350%2C200","width":350,"height":200},"classes":[]},{"id":43,"url":"http:\/\/www.mecatinformatica.it\/index.php\/servizi\/","url_meta":{"origin":7,"position":1},"title":"Servizi","date":"12\/01\/2017","format":false,"excerpt":"TELEFONIA INTERNET PRIVATI ED AZIENDALI La ns Mission e\u2019 mettere i clienti al centro del mondo.Da oltre 20 anni siamo nel settore della telefonia.Centro autorizzato TIM, TIM BUSINESS, VODAFONE, KENA, FASTWEB PLANETEL.Da noi potrai sottoscrivere contratti mobili e fissi privati e BUSINESS, sim ricaricabili, rateizzazioni smartphone.Siamo anche centro assistenza per\u2026","rel":"","context":"Similar post","img":{"alt_text":"","src":"https:\/\/i2.wp.com\/www.mecatinformatica.it\/wp-content\/uploads\/2017\/01\/senza-titolo-1.jpg?fit=1200%2C675&resize=350%2C200","width":350,"height":200},"classes":[]},{"id":6,"url":"http:\/\/www.mecatinformatica.it\/index.php\/informazioni\/","url_meta":{"origin":7,"position":2},"title":"Informazioni","date":"23\/11\/2016","format":false,"excerpt":"Questo \u00e8 solo un piccolo estratto per la pagina di\u00a0informazioni.","rel":"","context":"Similar post","img":{"alt_text":"","src":"https:\/\/i2.wp.com\/www.mecatinformatica.it\/wp-content\/uploads\/2017\/01\/info-point1.png?fit=1200%2C675&resize=350%2C200","width":350,"height":200},"classes":[]},{"id":42,"url":"http:\/\/www.mecatinformatica.it\/index.php\/gestionali\/","url_meta":{"origin":7,"position":3},"title":"Gestionali","date":"12\/01\/2017","format":false,"excerpt":"GENESIS Il software gestionale su piattaforma windows per la piccola e media impresa.Genesis \u00e8 un gestionale multi aziendale e multi esercizio. Con Genesis si riesce ad operare in tempo reale con pi\u00f9 aziende su pi\u00f9 esercizi contemporaneamente. Sono disponibili i moduli Contabilit\u00e0, Documenti e Magazzino, acquistabili in pacchetti o separatamente.Genesis\u2026","rel":"","context":"Similar post","img":{"alt_text":"","src":"https:\/\/i2.wp.com\/www.mecatinformatica.it\/wp-content\/uploads\/2017\/01\/software-solutions20image.png?fit=1200%2C638&resize=350%2C200","width":350,"height":200},"classes":[]}],"_links":{"self":[{"href":"http:\/\/www.mecatinformatica.it\/index.php\/wp-json\/wp\/v2\/pages\/7"}],"collection":[{"href":"http:\/\/www.mecatinformatica.it\/index.php\/wp-json\/wp\/v2\/pages"}],"about":[{"href":"http:\/\/www.mecatinformatica.it\/index.php\/wp-json\/wp\/v2\/types\/page"}],"author":[{"embeddable":true,"href":"http:\/\/www.mecatinformatica.it\/index.php\/wp-json\/wp\/v2\/users\/1"}],"replies":[{"embeddable":true,"href":"http:\/\/www.mecatinformatica.it\/index.php\/wp-json\/wp\/v2\/comments?post=7"}],"version-history":[{"count":14,"href":"http:\/\/www.mecatinformatica.it\/index.php\/wp-json\/wp\/v2\/pages\/7\/revisions"}],"predecessor-version":[{"id":3016,"href":"http:\/\/www.mecatinformatica.it\/index.php\/wp-json\/wp\/v2\/pages\/7\/revisions\/3016"}],"wp:featuredmedia":[{"embeddable":true,"href":"http:\/\/www.mecatinformatica.it\/index.php\/wp-json\/wp\/v2\/media\/77"}],"wp:attachment":[{"href":"http:\/\/www.mecatinformatica.it\/index.php\/wp-json\/wp\/v2\/media?parent=7"}],"wp:term":[{"taxonomy":"post_tag","embeddable":true,"href":"http:\/\/www.mecatinformatica.it\/index.php\/wp-json\/wp\/v2\/tags?post=7"}],"curies":[{"name":"wp","href":"https:\/\/api.w.org\/{rel}","templated":true}]}}