{"id":6,"date":"2016-11-23T17:15:10","date_gmt":"2016-11-23T16:15:10","guid":{"rendered":"https:\/\/mecatinformaticait.wordpress.com\/?page_id=2"},"modified":"2021-04-11T08:49:22","modified_gmt":"2021-04-11T07:49:22","slug":"informazioni","status":"publish","type":"page","link":"http:\/\/www.mecatinformatica.it\/index.php\/informazioni\/","title":{"rendered":"Informazioni"},"content":{"rendered":"\n<h4>I nostri tecnici<\/h4>\n\n\n\n<p>La nostra struttura \u00e8 formata da dipendenti e liberi professionisti del settore IT che mettono in comune le loro conoscenze al fine di poter offrire alle societ\u00e0 delle soluzioni informatiche professionali complete da un punto di vista di studio, analisi, progettazione, realizzazione e mantenimento grazie ai diversi profili di background lavorativo dei vari componenti del gruppo. Noi non vi incanteremo con dei paroloni ne vi affideremo ad altri per cose che non sappiamo fare. Vi offriremo i nostri tecnici, le nostre risorse pi\u00f9 preziose. Chi crede nella capacit\u00e0 dell\u2019uomo crede nel futuro.<br><strong>Vieni a scoprire il TUO FUTURO!<\/strong><\/p>\n\n\n\n<h4>Il nostro principale obbiettivo? Soddisfare il cliente.<\/h4>\n\n\n\n<p>La filosofia aziendale considera il post-vendita un fattore di straordinaria importanza ed \u00e8 quindi impegnata a garantire non solo la qualit\u00e0 e la seriet\u00e0 del proprio lavoro ma anche la pi\u00f9 totale affidabilit\u00e0. La struttura \u00e8 in grado di offrire a differenti fasce d\u2019utenza, dalla piccola alla grande azienda un\u2019attenta consulenza commerciale ed una fornitura di prodotti\/servizi qualificati, oltre ad un\u2019assistenza tecnica.<br><br>Nel nostro modello funzionale ogni singola installazione, pur nella sua elevata specificit\u00e0 non \u00e8 mai risultata essere una realt\u00e0 a se stante, ma costantemente parte di un progetto globale che la nostra societ\u00e0 ha implementato verso le nuove prospettive offerte sia sul fronte tecnologico che su quello gestionale.<\/p>\n","protected":false},"excerpt":{"rendered":"<p>Questo \u00e8 solo un piccolo estratto per la pagina di&nbsp;informazioni.<\/p>\n","protected":false},"author":1,"featured_media":88,"parent":0,"menu_order":1,"comment_status":"closed","ping_status":"closed","template":"","meta":{"advanced_seo_description":"","spay_email":""},"tags":[],"jetpack_sharing_enabled":false,"jetpack_shortlink":"https:\/\/wp.me\/P8yKNB-6","jetpack-related-posts":[{"id":7,"url":"http:\/\/www.mecatinformatica.it\/index.php\/contatti\/","url_meta":{"origin":6,"position":0},"title":"Contatti","date":"23\/11\/2016","format":false,"excerpt":"Questo \u00e8 solo un piccolo estratto per la pagina dei\u00a0contatti.","rel":"","context":"Similar post","img":{"alt_text":"","src":"https:\/\/i1.wp.com\/www.mecatinformatica.it\/wp-content\/uploads\/2017\/01\/finsi_contatti.jpg?fit=910%2C300&resize=350%2C200","width":350,"height":200},"classes":[]},{"id":9,"url":"http:\/\/www.mecatinformatica.it\/","url_meta":{"origin":6,"position":1},"title":"Home","date":"23\/11\/2016","format":false,"excerpt":"Questo \u00e8 l'estratto della home page","rel":"","context":"Similar post","img":{"alt_text":"","src":"https:\/\/i0.wp.com\/www.mecatinformatica.it\/wp-content\/uploads\/2017\/01\/informatica.jpg?fit=1200%2C675&resize=350%2C200","width":350,"height":200},"classes":[]}],"_links":{"self":[{"href":"http:\/\/www.mecatinformatica.it\/index.php\/wp-json\/wp\/v2\/pages\/6"}],"collection":[{"href":"http:\/\/www.mecatinformatica.it\/index.php\/wp-json\/wp\/v2\/pages"}],"about":[{"href":"http:\/\/www.mecatinformatica.it\/index.php\/wp-json\/wp\/v2\/types\/page"}],"author":[{"embeddable":true,"href":"http:\/\/www.mecatinformatica.it\/index.php\/wp-json\/wp\/v2\/users\/1"}],"replies":[{"embeddable":true,"href":"http:\/\/www.mecatinformatica.it\/index.php\/wp-json\/wp\/v2\/comments?post=6"}],"version-history":[{"count":5,"href":"http:\/\/www.mecatinformatica.it\/index.php\/wp-json\/wp\/v2\/pages\/6\/revisions"}],"predecessor-version":[{"id":2959,"href":"http:\/\/www.mecatinformatica.it\/index.php\/wp-json\/wp\/v2\/pages\/6\/revisions\/2959"}],"wp:featuredmedia":[{"embeddable":true,"href":"http:\/\/www.mecatinformatica.it\/index.php\/wp-json\/wp\/v2\/media\/88"}],"wp:attachment":[{"href":"http:\/\/www.mecatinformatica.it\/index.php\/wp-json\/wp\/v2\/media?parent=6"}],"wp:term":[{"taxonomy":"post_tag","embeddable":true,"href":"http:\/\/www.mecatinformatica.it\/index.php\/wp-json\/wp\/v2\/tags?post=6"}],"curies":[{"name":"wp","href":"https:\/\/api.w.org\/{rel}","templated":true}]}}